{"id":3233,"date":"2025-02-06T17:45:33","date_gmt":"2025-02-06T16:45:33","guid":{"rendered":"https:\/\/www.uno.it\/?page_id=3233"},"modified":"2026-01-16T16:22:52","modified_gmt":"2026-01-16T15:22:52","slug":"licenze-e-certificazioni","status":"publish","type":"page","link":"https:\/\/www.uno.it\/en\/licenze-e-certificazioni\/","title":{"rendered":"Licenses and certifications"},"content":{"rendered":"\n<div class=\"wp-block-custom-blocks-testata-pagine  uno-block testata-pagine \">\n<div class=\"wp-block-group testata-pagine-cont has-base-color has-text-color is-layout-flow wp-block-group-is-layout-flow\">\n<p class=\"testata-pagine-text \"><\/p>\n\n\n\n<h2 class=\"wp-block-heading testata-pagine-title character-animation-circle\">Licenze e Certificazioni<\/h2>\n\n\n\n<p class=\"testata-pagine-payoff fade-in-left\">CONNETTERE PER<br>COMUNICARE<\/p>\n\n\n\n<p class=\"testata-pagine-link fade-in-up\">Scopri tutti i servizi<\/p>\n\n\n\n\n<figure class=\"wp-block-video \"><video autoplay loop muted poster=\"https:\/\/www.uno.it\/wp-content\/uploads\/2024\/07\/screen-servizi.jpg\" src=\"https:\/\/www.uno.it\/wp-content\/uploads\/2024\/05\/uno-communications-video-9.mp4\" playsinline><\/video><\/figure>\n\n<\/div>\n<\/div>\n\n\n\n<div class=\" uno-block colonne-particles\"><div id=\"particles-foreground\" class=\"vertical-centered-box\"><\/div>\n<div class=\"wp-block-group colonne-particles-cont has-base-color has-text-color is-layout-flow wp-block-group-is-layout-flow\">\n<div class=\"wp-block-group fade-in-left-stagger-cont is-layout-constrained wp-container-core-group-is-layout-361407c4 wp-block-group-is-layout-constrained\" style=\"padding-right:var(--wp--preset--spacing--padding-2);padding-bottom:5rem;padding-left:var(--wp--preset--spacing--padding-2)\">\n<h3 class=\"wp-block-heading has-arancio-color has-text-color has-link-color has-32-pt-font-size wp-elements-bf30ba1714288ccbd91930bd1e54cca8\">Le Licenze Ministeriali<\/h3>\n\n\n\n<div class=\"wp-block-columns is-layout-flex wp-container-core-columns-is-layout-400d3129 wp-block-columns-is-layout-flex\" style=\"padding-bottom:2rem\">\n<div class=\"wp-block-column is-layout-flow wp-block-column-is-layout-flow\" style=\"flex-basis:50%\">\n<div class=\"wp-block-group is-layout-constrained wp-block-group-is-layout-constrained\">\n<p>Uno Communications S.p.A eroga i propri servizi in ottemperanza alle seguenti autorizzazioni e licenze rilasciate dal Ministero delle Comunicazioni.<\/p>\n<\/div>\n<\/div>\n\n\n\n<div class=\"wp-block-column is-layout-flow wp-block-column-is-layout-flow\" style=\"flex-basis:50%\"><\/div>\n<\/div>\n\n\n\n<div class=\"wp-block-columns is-layout-flex wp-container-core-columns-is-layout-9d6595d7 wp-block-columns-is-layout-flex\">\n<div class=\"wp-block-column is-layout-flow wp-block-column-is-layout-flow\" style=\"flex-basis:75%\">\n<div class=\"wp-block-group is-layout-constrained wp-block-group-is-layout-constrained\">\n<div class=\"wp-block-group riga-formattata is-content-justification-left is-nowrap is-layout-flex wp-container-core-group-is-layout-f56a869c wp-block-group-is-layout-flex\">\n<p class=\"wp-container-content-abf6deda\">[1]<\/p>\n\n\n\n<p>Autorizzazione ad erogare servizi Internet n\u00b0 1201 del 27.07.2000<\/p>\n<\/div>\n\n\n\n<div class=\"wp-block-group riga-formattata is-content-justification-left is-nowrap is-layout-flex wp-container-core-group-is-layout-f56a869c wp-block-group-is-layout-flex\">\n<p class=\"wp-container-content-abf6deda\">[2]<\/p>\n\n\n\n<p>Licenza individuale per l\u2019installazione e fornitura di reti di telecomunicazioni aperte al pubblico n\u00b0 258 del 01\/08\/2002. Tale titolo autorizzatorio consente a Uno Communications S.p.A. di realizzare una rete di telecomunicazioni proprietaria sulla quale erogare servizi al pubblico senza utilizzare strutture dell\u2019operatore dominante.<\/p>\n<\/div>\n\n\n\n<div class=\"wp-block-group riga-formattata is-content-justification-space-between is-nowrap is-layout-flex wp-container-core-group-is-layout-0dfbf163 wp-block-group-is-layout-flex\">\n<p class=\"wp-container-content-abf6deda\">[3]<\/p>\n\n\n\n<p>Licenza individuale per la prestazione del servizio di telefonia vocale n\u00b0 259 del 01\/08\/2002. Tale titolo autorizzatorio consente a Uno Communications S.p.A. di offrire servizi di telefonia vocale sulla propria rete.<\/p>\n<\/div>\n\n\n\n<div class=\"wp-block-media-text is-stacked-on-mobile \" style=\"padding-top:var(--wp--preset--spacing--padding-1);grid-template-columns:35% auto\"><figure class=\"wp-block-media-text__media\"><img decoding=\"async\" width=\"600\" height=\"432\" src=\"https:\/\/www.uno.it\/wp-content\/uploads\/2025\/02\/certificazione-dasa-ragister.jpg\" alt=\"\" class=\"wp-image-3240 size-full\" title=\"\" srcset=\"https:\/\/www.uno.it\/wp-content\/uploads\/2025\/02\/certificazione-dasa-ragister.jpg 600w, https:\/\/www.uno.it\/wp-content\/uploads\/2025\/02\/certificazione-dasa-ragister-300x216.jpg 300w, https:\/\/www.uno.it\/wp-content\/uploads\/2025\/02\/certificazione-dasa-ragister-18x12.jpg 18w\" sizes=\"(max-width: 600px) 100vw, 600px\" \/><\/figure><div class=\"wp-block-media-text__content\">\n<p class=\"has-base-color has-text-color has-link-color wp-elements-f6b29f1bb1d2b1c2d9b4d16a8a40a3e9\">In data 14\/09\/2024, Uno Communications S.p.A. ha conseguito la certificazione UNI CEI EN ISO\/IEC 27001:2024, norma internazionale di riferimento per la gestione della sicurezza delle informazioni. Tale certificazione attesta la conformit\u00e0 del nostro Sistema di Gestione della Sicurezza delle Informazioni (SGSI) ai pi\u00f9 elevati standard qualit\u00e0<\/p>\n<\/div><\/div>\n\n\n\n<div class=\"wp-block-media-text is-stacked-on-mobile \" style=\"padding-top:var(--wp--preset--spacing--padding-1);grid-template-columns:35% auto\"><figure class=\"wp-block-media-text__media\"><img decoding=\"async\" width=\"600\" height=\"432\" src=\"https:\/\/www.uno.it\/wp-content\/uploads\/2026\/01\/data-ragister-UN-2026.jpg\" alt=\"\" class=\"wp-image-8421 size-full\" title=\"\" srcset=\"https:\/\/www.uno.it\/wp-content\/uploads\/2026\/01\/data-ragister-UN-2026.jpg 600w, https:\/\/www.uno.it\/wp-content\/uploads\/2026\/01\/data-ragister-UN-2026-300x216.jpg 300w, https:\/\/www.uno.it\/wp-content\/uploads\/2026\/01\/data-ragister-UN-2026-18x12.jpg 18w\" sizes=\"(max-width: 600px) 100vw, 600px\" \/><\/figure><div class=\"wp-block-media-text__content\">\n<p class=\"has-base-color has-text-color has-link-color wp-elements-be63b5c81a3647df35d3eb9ed3decf02\">In data 12\/07\/2025, Uno Communications S.p.A. ha conseguito la certificazione UNI\/PdR 125:2022, questo \u00e8 un importante riconoscimento del nostro impegno concreto e misurabile per la&nbsp;parit\u00e0 di genere&nbsp;in azienda. Uno Communications S.p.a. infatti crede fermamente che un ambiente di lavoro inclusivo sia fondamentale per il successo e per il benessere di ogni membro del team.<\/p>\n<\/div><\/div>\n\n\n\n<p><\/p>\n<\/div>\n<\/div>\n\n\n\n<div class=\"wp-block-column is-layout-flow wp-block-column-is-layout-flow\" style=\"flex-basis:25%\"><\/div>\n<\/div>\n<\/div>\n\n\n\n<div class=\" uno-block blocco-mission\">\n<div class=\"wp-block-group mission-frecce is-layout-flow wp-block-group-is-layout-flow\">\n<div class=\"wp-block-custom-blocks-blocco-mission-frecce  uno-block blocco-mission-frecce \">\n<div class=\"wp-block-group is-layout-flow wp-block-group-is-layout-flow\">\n<h3 class=\"wp-block-heading \"><\/h3>\n\n\n\n<p><\/p>\n<\/div>\n<\/div>\n<\/div>\n\n\n\n<div class=\"wp-block-group mission-icons is-layout-flow wp-block-group-is-layout-flow\">\n<div class=\"wp-block-group mission-icons-icon-cont is-layout-flow wp-block-group-is-layout-flow\">\n\n\n<h4 class=\"wp-block-heading \"><\/h4>\n\n\n\n<p><\/p>\n<\/div>\n\n\n\n<div class=\"wp-block-group mission-icons-icon-cont is-layout-flow wp-block-group-is-layout-flow\">\n\n\n<h4 class=\"wp-block-heading \"><\/h4>\n\n\n\n<p><\/p>\n<\/div>\n\n\n\n<div class=\"wp-block-group mission-icons-icon-cont is-layout-flow wp-block-group-is-layout-flow\">\n\n\n<h4 class=\"wp-block-heading \"><\/h4>\n\n\n\n<p><\/p>\n<\/div>\n\n\n\n<div class=\"wp-block-group mission-icons-icon-cont is-layout-flow wp-block-group-is-layout-flow\">\n\n\n<h4 class=\"wp-block-heading \"><\/h4>\n\n\n\n<p><\/p>\n<\/div>\n\n\n\n<div class=\"wp-block-group mission-icons-icon-cont is-layout-flow wp-block-group-is-layout-flow\">\n\n\n<h4 class=\"wp-block-heading \"><\/h4>\n\n\n\n<p><\/p>\n<\/div>\n<\/div>\n\n\n\n<div class=\"wp-block-group mission-link is-layout-flow wp-block-group-is-layout-flow\">\n\n\n<p><\/p>\n<\/div>\n<\/div>\n<\/div>\n<\/div>\n","protected":false},"excerpt":{"rendered":"","protected":false},"author":1,"featured_media":0,"parent":0,"menu_order":0,"comment_status":"closed","ping_status":"closed","template":"","meta":{"footnotes":""},"class_list":["post-3233","page","type-page","status-publish","hentry"],"_links":{"self":[{"href":"https:\/\/www.uno.it\/en\/wp-json\/wp\/v2\/pages\/3233","targetHints":{"allow":["GET"]}}],"collection":[{"href":"https:\/\/www.uno.it\/en\/wp-json\/wp\/v2\/pages"}],"about":[{"href":"https:\/\/www.uno.it\/en\/wp-json\/wp\/v2\/types\/page"}],"author":[{"embeddable":true,"href":"https:\/\/www.uno.it\/en\/wp-json\/wp\/v2\/users\/1"}],"replies":[{"embeddable":true,"href":"https:\/\/www.uno.it\/en\/wp-json\/wp\/v2\/comments?post=3233"}],"version-history":[{"count":18,"href":"https:\/\/www.uno.it\/en\/wp-json\/wp\/v2\/pages\/3233\/revisions"}],"predecessor-version":[{"id":8422,"href":"https:\/\/www.uno.it\/en\/wp-json\/wp\/v2\/pages\/3233\/revisions\/8422"}],"wp:attachment":[{"href":"https:\/\/www.uno.it\/en\/wp-json\/wp\/v2\/media?parent=3233"}],"curies":[{"name":"wp","href":"https:\/\/api.w.org\/{rel}","templated":true}]}}